{"id":1588,"date":"2026-03-05T13:20:45","date_gmt":"2026-03-05T13:20:45","guid":{"rendered":"https:\/\/2026.kokariided.ee\/?post_type=product&#038;p=1588"},"modified":"2026-04-08T13:59:22","modified_gmt":"2026-04-08T10:59:22","slug":"kokajakk-federico","status":"publish","type":"product","link":"https:\/\/2026.kokariided.ee\/en\/product\/kokajakk-federico\/","title":{"rendered":"Kokajakk Federico, tumesinine"},"content":{"rendered":"","protected":false},"excerpt":{"rendered":"<p>Kerge ning kitsa l\u00f5ikega kokajakk, mille vasakul rinnal on tasku. L\u00fchikeste varrukatega, k\u00fclgedel v\u00f5rkdetailid, Korea krae, peidetud trukid. Federico jakk sobib ideaalselt kokkadele ja toiduk\u00e4itlejatele, kes soovivad professionaalset, elegantset, kerget ja mugavat r\u00f5ivaeset.<\/p>\n<p>65% pol\u00fcester, 35% puuvill, 115 g\/m\u00b2, pesu kuni 60 kraadi<\/p>\n<p>Saadaval suurustes S &#8211; 4XL ning viies v\u00e4rvitoonis<\/p>","protected":false},"featured_media":1534,"template":"","meta":[],"product_brand":[104],"product_cat":[74],"product_tag":[],"class_list":{"0":"post-1588","1":"product","2":"type-product","3":"status-publish","4":"has-post-thumbnail","6":"product_brand-giblors","7":"product_cat-kokajakid","8":"pa_varv-tumesinine","10":"first","11":"instock","12":"taxable","13":"shipping-taxable","14":"product-type-variable"},"_links":{"self":[{"href":"https:\/\/2026.kokariided.ee\/en\/wp-json\/wp\/v2\/product\/1588","targetHints":{"allow":["GET"]}}],"collection":[{"href":"https:\/\/2026.kokariided.ee\/en\/wp-json\/wp\/v2\/product"}],"about":[{"href":"https:\/\/2026.kokariided.ee\/en\/wp-json\/wp\/v2\/types\/product"}],"version-history":[{"count":3,"href":"https:\/\/2026.kokariided.ee\/en\/wp-json\/wp\/v2\/product\/1588\/revisions"}],"predecessor-version":[{"id":1920,"href":"https:\/\/2026.kokariided.ee\/en\/wp-json\/wp\/v2\/product\/1588\/revisions\/1920"}],"wp:featuredmedia":[{"embeddable":true,"href":"https:\/\/2026.kokariided.ee\/en\/wp-json\/wp\/v2\/media\/1534"}],"wp:attachment":[{"href":"https:\/\/2026.kokariided.ee\/en\/wp-json\/wp\/v2\/media?parent=1588"}],"wp:term":[{"taxonomy":"product_brand","embeddable":true,"href":"https:\/\/2026.kokariided.ee\/en\/wp-json\/wp\/v2\/product_brand?post=1588"},{"taxonomy":"product_cat","embeddable":true,"href":"https:\/\/2026.kokariided.ee\/en\/wp-json\/wp\/v2\/product_cat?post=1588"},{"taxonomy":"product_tag","embeddable":true,"href":"https:\/\/2026.kokariided.ee\/en\/wp-json\/wp\/v2\/product_tag?post=1588"}],"curies":[{"name":"wp","href":"https:\/\/api.w.org\/{rel}","templated":true}]}}